{"id":204,"date":"2024-09-26T20:52:10","date_gmt":"2024-09-26T20:52:10","guid":{"rendered":"https:\/\/escolamadison.org\/?page_id=204"},"modified":"2025-10-06T21:21:30","modified_gmt":"2025-10-06T18:21:30","slug":"programas","status":"publish","type":"page","link":"https:\/\/escolamadison.org\/?page_id=204","title":{"rendered":"Programas"},"content":{"rendered":"\t\t<div data-elementor-type=\"wp-page\" data-elementor-id=\"204\" class=\"elementor elementor-204\" data-elementor-post-type=\"page\">\n\t\t\t\t<div class=\"elementor-element elementor-element-0510480 e-flex e-con-boxed e-con e-parent\" data-id=\"0510480\" data-element_type=\"container\">\n\t\t\t\t\t<div class=\"e-con-inner\">\n\t\t<div class=\"elementor-element elementor-element-c663381 e-con-full e-flex e-con e-child\" data-id=\"c663381\" data-element_type=\"container\">\n\t\t\t\t<div class=\"elementor-element elementor-element-80624b0 elementor-text-editor elementor-widget elementor-widget-text-editor\" data-id=\"80624b0\" data-element_type=\"widget\" data-widget_type=\"text-editor.default\">\n\t\t\t\t<div class=\"elementor-widget-container\">\n\t\t\t\t\t\t\t\t\t<p>Nossos Programas e Servi\u00e7os<\/p>\t\t\t\t\t\t\t\t<\/div>\n\t\t\t\t<\/div>\n\t\t<div class=\"elementor-element elementor-element-8e567d3 e-con-full e-transform e-flex e-con e-child\" data-id=\"8e567d3\" data-element_type=\"container\" data-settings=\"{&quot;background_background&quot;:&quot;classic&quot;,&quot;_transform_scale_effect_hover&quot;:{&quot;unit&quot;:&quot;px&quot;,&quot;size&quot;:1.03,&quot;sizes&quot;:[]},&quot;_transform_scale_effect_hover_tablet&quot;:{&quot;unit&quot;:&quot;px&quot;,&quot;size&quot;:&quot;&quot;,&quot;sizes&quot;:[]},&quot;_transform_scale_effect_hover_mobile&quot;:{&quot;unit&quot;:&quot;px&quot;,&quot;size&quot;:&quot;&quot;,&quot;sizes&quot;:[]}}\">\n\t\t<div class=\"elementor-element elementor-element-91a0127 e-con-full e-flex e-con e-child\" data-id=\"91a0127\" data-element_type=\"container\">\n\t\t\t\t<div class=\"elementor-element elementor-element-fa62b56 e-transform elementor-widget elementor-widget-image\" data-id=\"fa62b56\" data-element_type=\"widget\" data-settings=\"{&quot;_transform_scale_effect_hover&quot;:{&quot;unit&quot;:&quot;px&quot;,&quot;size&quot;:1.1,&quot;sizes&quot;:[]},&quot;_transform_scale_effect_hover_tablet&quot;:{&quot;unit&quot;:&quot;px&quot;,&quot;size&quot;:&quot;&quot;,&quot;sizes&quot;:[]},&quot;_transform_scale_effect_hover_mobile&quot;:{&quot;unit&quot;:&quot;px&quot;,&quot;size&quot;:&quot;&quot;,&quot;sizes&quot;:[]}}\" data-widget_type=\"image.default\">\n\t\t\t\t<div class=\"elementor-widget-container\">\n\t\t\t\t\t\t\t\t\t\t\t\t\t\t\t\t<a href=\"https:\/\/escolamadison.org\/?page_id=220\">\n\t\t\t\t\t\t\t<img fetchpriority=\"high\" decoding=\"async\" width=\"800\" height=\"450\" src=\"https:\/\/escolamadison.org\/wp-content\/uploads\/2025\/10\/5-1024x576.jpg\" class=\"attachment-large size-large wp-image-3922\" alt=\"\" srcset=\"https:\/\/escolamadison.org\/wp-content\/uploads\/2025\/10\/5-1024x576.jpg 1024w, https:\/\/escolamadison.org\/wp-content\/uploads\/2025\/10\/5-300x169.jpg 300w, https:\/\/escolamadison.org\/wp-content\/uploads\/2025\/10\/5-768x432.jpg 768w, https:\/\/escolamadison.org\/wp-content\/uploads\/2025\/10\/5-600x338.jpg 600w, https:\/\/escolamadison.org\/wp-content\/uploads\/2025\/10\/5.jpg 1280w\" sizes=\"(max-width: 800px) 100vw, 800px\" \/>\t\t\t\t\t\t\t\t<\/a>\n\t\t\t\t\t\t\t\t\t\t\t\t\t\t\t<\/div>\n\t\t\t\t<\/div>\n\t\t\t\t<\/div>\n\t\t<div class=\"elementor-element elementor-element-d893775 e-con-full e-flex e-con e-child\" data-id=\"d893775\" data-element_type=\"container\">\n\t\t\t\t<div class=\"elementor-element elementor-element-1789888 elementor-widget elementor-widget-text-editor\" data-id=\"1789888\" data-element_type=\"widget\" data-widget_type=\"text-editor.default\">\n\t\t\t\t<div class=\"elementor-widget-container\">\n\t\t\t\t\t\t\t\t\t<p><strong>Programa de Vida Saud\u00e1vel<\/strong><\/p>\t\t\t\t\t\t\t\t<\/div>\n\t\t\t\t<\/div>\n\t\t\t\t<div class=\"elementor-element elementor-element-d3821b2 elementor-widget elementor-widget-heading\" data-id=\"d3821b2\" data-element_type=\"widget\" data-widget_type=\"heading.default\">\n\t\t\t\t<div class=\"elementor-widget-container\">\n\t\t\t\t\t<h5 class=\"elementor-heading-title elementor-size-default\">Sete dias em meio \u00e0 natureza, com uma alimenta\u00e7\u00e3o saud\u00e1vel e saborosa, tratamentos naturais e momentos de descanso e renova\u00e7\u00e3o. Viva a experi\u00eancia de cuidar do corpo, da mente e do esp\u00edrito, aprendendo princ\u00edpios que transformam a sa\u00fade e o estilo de vida. Recomece com h\u00e1bitos que promovem vitalidade, equil\u00edbrio e bem-estar.<\/h5>\t\t\t\t<\/div>\n\t\t\t\t<\/div>\n\t\t\t\t<div class=\"elementor-element elementor-element-1f20df2 elementor-align-left e-transform elementor-widget elementor-widget-button\" data-id=\"1f20df2\" data-element_type=\"widget\" data-settings=\"{&quot;_transform_scale_effect_hover&quot;:{&quot;unit&quot;:&quot;px&quot;,&quot;size&quot;:1.05,&quot;sizes&quot;:[]},&quot;_transform_scale_effect_hover_tablet&quot;:{&quot;unit&quot;:&quot;px&quot;,&quot;size&quot;:&quot;&quot;,&quot;sizes&quot;:[]},&quot;_transform_scale_effect_hover_mobile&quot;:{&quot;unit&quot;:&quot;px&quot;,&quot;size&quot;:&quot;&quot;,&quot;sizes&quot;:[]}}\" data-widget_type=\"button.default\">\n\t\t\t\t<div class=\"elementor-widget-container\">\n\t\t\t\t\t\t\t\t\t<div class=\"elementor-button-wrapper\">\n\t\t\t\t\t<a class=\"elementor-button elementor-button-link elementor-size-sm\" href=\"https:\/\/escolamadison.org\/?page_id=220\">\n\t\t\t\t\t\t<span class=\"elementor-button-content-wrapper\">\n\t\t\t\t\t\t\t\t\t<span class=\"elementor-button-text\">Participe j\u00e1!<\/span>\n\t\t\t\t\t<\/span>\n\t\t\t\t\t<\/a>\n\t\t\t\t<\/div>\n\t\t\t\t\t\t\t\t<\/div>\n\t\t\t\t<\/div>\n\t\t\t\t<\/div>\n\t\t\t\t<\/div>\n\t\t<div class=\"elementor-element elementor-element-9d853bb e-con-full e-transform e-flex e-con e-child\" data-id=\"9d853bb\" data-element_type=\"container\" data-settings=\"{&quot;background_background&quot;:&quot;classic&quot;,&quot;_transform_scale_effect_hover&quot;:{&quot;unit&quot;:&quot;px&quot;,&quot;size&quot;:1.03,&quot;sizes&quot;:[]},&quot;_transform_scale_effect_hover_tablet&quot;:{&quot;unit&quot;:&quot;px&quot;,&quot;size&quot;:&quot;&quot;,&quot;sizes&quot;:[]},&quot;_transform_scale_effect_hover_mobile&quot;:{&quot;unit&quot;:&quot;px&quot;,&quot;size&quot;:&quot;&quot;,&quot;sizes&quot;:[]}}\">\n\t\t<div class=\"elementor-element elementor-element-c85b043 e-con-full e-flex e-con e-child\" data-id=\"c85b043\" data-element_type=\"container\">\n\t\t\t\t<div class=\"elementor-element elementor-element-3cb1b27 e-transform elementor-widget elementor-widget-image\" data-id=\"3cb1b27\" data-element_type=\"widget\" data-settings=\"{&quot;_transform_scale_effect_hover&quot;:{&quot;unit&quot;:&quot;px&quot;,&quot;size&quot;:1.1,&quot;sizes&quot;:[]},&quot;_transform_scale_effect_hover_tablet&quot;:{&quot;unit&quot;:&quot;px&quot;,&quot;size&quot;:&quot;&quot;,&quot;sizes&quot;:[]},&quot;_transform_scale_effect_hover_mobile&quot;:{&quot;unit&quot;:&quot;px&quot;,&quot;size&quot;:&quot;&quot;,&quot;sizes&quot;:[]}}\" data-widget_type=\"image.default\">\n\t\t\t\t<div class=\"elementor-widget-container\">\n\t\t\t\t\t\t\t\t\t\t\t\t\t\t\t\t<a href=\"https:\/\/escolamadison.org\/?page_id=223\">\n\t\t\t\t\t\t\t<img decoding=\"async\" width=\"800\" height=\"450\" src=\"https:\/\/escolamadison.org\/wp-content\/uploads\/2025\/10\/6-1024x576.jpg\" class=\"attachment-large size-large wp-image-3926\" alt=\"\" srcset=\"https:\/\/escolamadison.org\/wp-content\/uploads\/2025\/10\/6-1024x576.jpg 1024w, https:\/\/escolamadison.org\/wp-content\/uploads\/2025\/10\/6-300x169.jpg 300w, https:\/\/escolamadison.org\/wp-content\/uploads\/2025\/10\/6-768x432.jpg 768w, https:\/\/escolamadison.org\/wp-content\/uploads\/2025\/10\/6-600x338.jpg 600w, https:\/\/escolamadison.org\/wp-content\/uploads\/2025\/10\/6.jpg 1280w\" sizes=\"(max-width: 800px) 100vw, 800px\" \/>\t\t\t\t\t\t\t\t<\/a>\n\t\t\t\t\t\t\t\t\t\t\t\t\t\t\t<\/div>\n\t\t\t\t<\/div>\n\t\t\t\t<\/div>\n\t\t<div class=\"elementor-element elementor-element-5dd01ee e-con-full e-flex e-con e-child\" data-id=\"5dd01ee\" data-element_type=\"container\">\n\t\t\t\t<div class=\"elementor-element elementor-element-58e0aeb elementor-widget elementor-widget-text-editor\" data-id=\"58e0aeb\" data-element_type=\"widget\" data-widget_type=\"text-editor.default\">\n\t\t\t\t<div class=\"elementor-widget-container\">\n\t\t\t\t\t\t\t\t\t<p><strong>Day Use<\/strong><\/p>\t\t\t\t\t\t\t\t<\/div>\n\t\t\t\t<\/div>\n\t\t\t\t<div class=\"elementor-element elementor-element-c185ce8 elementor-widget elementor-widget-heading\" data-id=\"c185ce8\" data-element_type=\"widget\" data-widget_type=\"heading.default\">\n\t\t\t\t<div class=\"elementor-widget-container\">\n\t\t\t\t\t<h5 class=\"elementor-heading-title elementor-size-default\">Um dia especial em meio \u00e0 natureza, com atividades do campo que encantam todas as idades: agricultura, passeio a cavalo, caldo de cana fresquinho e muito mais. Viva momentos de lazer e conex\u00e3o com a natureza, desfrutando de um almo\u00e7o saud\u00e1vel e saboroso. Uma pausa revigorante para o corpo e para a mente.<\/h5>\t\t\t\t<\/div>\n\t\t\t\t<\/div>\n\t\t\t\t<div class=\"elementor-element elementor-element-433a7cb elementor-align-right e-transform elementor-widget elementor-widget-button\" data-id=\"433a7cb\" data-element_type=\"widget\" data-settings=\"{&quot;_transform_scale_effect_hover&quot;:{&quot;unit&quot;:&quot;px&quot;,&quot;size&quot;:1.05,&quot;sizes&quot;:[]},&quot;_transform_scale_effect_hover_tablet&quot;:{&quot;unit&quot;:&quot;px&quot;,&quot;size&quot;:&quot;&quot;,&quot;sizes&quot;:[]},&quot;_transform_scale_effect_hover_mobile&quot;:{&quot;unit&quot;:&quot;px&quot;,&quot;size&quot;:&quot;&quot;,&quot;sizes&quot;:[]}}\" data-widget_type=\"button.default\">\n\t\t\t\t<div class=\"elementor-widget-container\">\n\t\t\t\t\t\t\t\t\t<div class=\"elementor-button-wrapper\">\n\t\t\t\t\t<a class=\"elementor-button elementor-button-link elementor-size-sm\" href=\"https:\/\/escolamadison.org\/?page_id=223\">\n\t\t\t\t\t\t<span class=\"elementor-button-content-wrapper\">\n\t\t\t\t\t\t\t\t\t<span class=\"elementor-button-text\">Conhe\u00e7a!<\/span>\n\t\t\t\t\t<\/span>\n\t\t\t\t\t<\/a>\n\t\t\t\t<\/div>\n\t\t\t\t\t\t\t\t<\/div>\n\t\t\t\t<\/div>\n\t\t\t\t<\/div>\n\t\t\t\t<\/div>\n\t\t\t\t<\/div>\n\t\t\t\t\t<\/div>\n\t\t\t\t<\/div>\n\t\t\t\t<\/div>\n\t\t","protected":false},"excerpt":{"rendered":"<p>Nossos Programas e Servi\u00e7os Programa de Vida Saud\u00e1vel Sete dias em meio \u00e0 natureza, com uma alimenta\u00e7\u00e3o saud\u00e1vel e saborosa, tratamentos naturais e momentos de descanso e renova\u00e7\u00e3o. Viva a experi\u00eancia de cuidar do corpo, da mente e do esp\u00edrito, aprendendo princ\u00edpios que transformam a sa\u00fade e o estilo de vida. Recomece com h\u00e1bitos que [&hellip;]<\/p>\n","protected":false},"author":1,"featured_media":0,"parent":0,"menu_order":0,"comment_status":"closed","ping_status":"closed","template":"elementor_header_footer","meta":{"footnotes":""},"class_list":["post-204","page","type-page","status-publish","hentry"],"jetpack_sharing_enabled":true,"_links":{"self":[{"href":"https:\/\/escolamadison.org\/index.php?rest_route=\/wp\/v2\/pages\/204","targetHints":{"allow":["GET"]}}],"collection":[{"href":"https:\/\/escolamadison.org\/index.php?rest_route=\/wp\/v2\/pages"}],"about":[{"href":"https:\/\/escolamadison.org\/index.php?rest_route=\/wp\/v2\/types\/page"}],"author":[{"embeddable":true,"href":"https:\/\/escolamadison.org\/index.php?rest_route=\/wp\/v2\/users\/1"}],"replies":[{"embeddable":true,"href":"https:\/\/escolamadison.org\/index.php?rest_route=%2Fwp%2Fv2%2Fcomments&post=204"}],"version-history":[{"count":49,"href":"https:\/\/escolamadison.org\/index.php?rest_route=\/wp\/v2\/pages\/204\/revisions"}],"predecessor-version":[{"id":3981,"href":"https:\/\/escolamadison.org\/index.php?rest_route=\/wp\/v2\/pages\/204\/revisions\/3981"}],"wp:attachment":[{"href":"https:\/\/escolamadison.org\/index.php?rest_route=%2Fwp%2Fv2%2Fmedia&parent=204"}],"curies":[{"name":"wp","href":"https:\/\/api.w.org\/{rel}","templated":true}]}}