{"id":229,"date":"2024-09-26T20:57:31","date_gmt":"2024-09-26T20:57:31","guid":{"rendered":"https:\/\/escolamadison.org\/?page_id=229"},"modified":"2026-03-16T15:50:04","modified_gmt":"2026-03-16T12:50:04","slug":"saude-e-evangelismo","status":"publish","type":"page","link":"https:\/\/escolamadison.org\/?page_id=229","title":{"rendered":"Sa\u00fade e Evangelismo"},"content":{"rendered":"\t\t<div data-elementor-type=\"wp-page\" data-elementor-id=\"229\" class=\"elementor elementor-229\" data-elementor-post-type=\"page\">\n\t\t\t\t<div class=\"elementor-element elementor-element-149a224 e-flex e-con-boxed e-con e-parent\" data-id=\"149a224\" data-element_type=\"container\">\n\t\t\t\t\t<div class=\"e-con-inner\">\n\t\t<div class=\"elementor-element elementor-element-c0c4008 e-con-full e-flex e-con e-child\" data-id=\"c0c4008\" data-element_type=\"container\">\n\t\t\t\t<div class=\"elementor-element elementor-element-6b41d7d elementor-text-editor elementor-widget elementor-widget-text-editor\" data-id=\"6b41d7d\" data-element_type=\"widget\" data-widget_type=\"text-editor.default\">\n\t\t\t\t<div class=\"elementor-widget-container\">\n\t\t\t\t\t\t\t\t\t<p>Sa\u00fade &amp; Evangelismo<\/p>\t\t\t\t\t\t\t\t<\/div>\n\t\t\t\t<\/div>\n\t\t\t\t<\/div>\n\t\t\t\t\t<\/div>\n\t\t\t\t<\/div>\n\t\t<div class=\"elementor-element elementor-element-2e5e335 e-flex e-con-boxed e-con e-parent\" data-id=\"2e5e335\" data-element_type=\"container\">\n\t\t\t\t\t<div class=\"e-con-inner\">\n\t\t<div class=\"elementor-element elementor-element-fc53410 e-con-full e-flex e-con e-child\" data-id=\"fc53410\" data-element_type=\"container\">\n\t\t<div class=\"elementor-element elementor-element-99a2c05 e-con-full e-transform e-flex e-con e-child\" data-id=\"99a2c05\" data-element_type=\"container\" data-settings=\"{&quot;background_background&quot;:&quot;classic&quot;,&quot;_transform_scale_effect_hover&quot;:{&quot;unit&quot;:&quot;px&quot;,&quot;size&quot;:1.03,&quot;sizes&quot;:[]},&quot;_transform_scale_effect_hover_tablet&quot;:{&quot;unit&quot;:&quot;px&quot;,&quot;size&quot;:&quot;&quot;,&quot;sizes&quot;:[]},&quot;_transform_scale_effect_hover_mobile&quot;:{&quot;unit&quot;:&quot;px&quot;,&quot;size&quot;:&quot;&quot;,&quot;sizes&quot;:[]}}\">\n\t\t<div class=\"elementor-element elementor-element-1a333f4 e-con-full e-flex e-con e-child\" data-id=\"1a333f4\" data-element_type=\"container\">\n\t\t\t\t<div class=\"elementor-element elementor-element-a1317f4 e-transform elementor-hidden-mobile elementor-widget elementor-widget-image\" data-id=\"a1317f4\" data-element_type=\"widget\" data-settings=\"{&quot;_transform_scale_effect_hover&quot;:{&quot;unit&quot;:&quot;px&quot;,&quot;size&quot;:1.1,&quot;sizes&quot;:[]},&quot;_transform_scale_effect_hover_tablet&quot;:{&quot;unit&quot;:&quot;px&quot;,&quot;size&quot;:&quot;&quot;,&quot;sizes&quot;:[]},&quot;_transform_scale_effect_hover_mobile&quot;:{&quot;unit&quot;:&quot;px&quot;,&quot;size&quot;:&quot;&quot;,&quot;sizes&quot;:[]}}\" data-widget_type=\"image.default\">\n\t\t\t\t<div class=\"elementor-widget-container\">\n\t\t\t\t\t\t\t\t\t\t\t\t\t\t\t\t<a href=\"https:\/\/forms.gle\/6r6sW6Vf1JvaA6eD9\">\n\t\t\t\t\t\t\t<img fetchpriority=\"high\" decoding=\"async\" width=\"800\" height=\"450\" src=\"https:\/\/escolamadison.org\/wp-content\/uploads\/2025\/10\/15-1024x576.jpg\" class=\"attachment-large size-large wp-image-3944\" alt=\"\" srcset=\"https:\/\/escolamadison.org\/wp-content\/uploads\/2025\/10\/15-1024x576.jpg 1024w, https:\/\/escolamadison.org\/wp-content\/uploads\/2025\/10\/15-300x169.jpg 300w, https:\/\/escolamadison.org\/wp-content\/uploads\/2025\/10\/15-768x432.jpg 768w, https:\/\/escolamadison.org\/wp-content\/uploads\/2025\/10\/15-600x338.jpg 600w, https:\/\/escolamadison.org\/wp-content\/uploads\/2025\/10\/15.jpg 1280w\" sizes=\"(max-width: 800px) 100vw, 800px\" \/>\t\t\t\t\t\t\t\t<\/a>\n\t\t\t\t\t\t\t\t\t\t\t\t\t\t\t<\/div>\n\t\t\t\t<\/div>\n\t\t\t\t<\/div>\n\t\t<div class=\"elementor-element elementor-element-2296399 e-con-full e-flex e-con e-child\" data-id=\"2296399\" data-element_type=\"container\">\n\t\t\t\t<div class=\"elementor-element elementor-element-ac5a9ac elementor-widget elementor-widget-text-editor\" data-id=\"ac5a9ac\" data-element_type=\"widget\" data-widget_type=\"text-editor.default\">\n\t\t\t\t<div class=\"elementor-widget-container\">\n\t\t\t\t\t\t\t\t\t<p><strong>O que \u00e9 o Curso Sa\u00fade &amp; Evangelismo?<\/strong><\/p>\t\t\t\t\t\t\t\t<\/div>\n\t\t\t\t<\/div>\n\t\t\t\t<div class=\"elementor-element elementor-element-801e2f7 elementor-widget elementor-widget-heading\" data-id=\"801e2f7\" data-element_type=\"widget\" data-widget_type=\"heading.default\">\n\t\t\t\t<div class=\"elementor-widget-container\">\n\t\t\t\t\t<h5 class=\"elementor-heading-title elementor-size-default\">O Curso de Sa\u00fade e Evangelismo da Escola Madison \u00e9 um treinamento intensivo de um m\u00eas que prepara mission\u00e1rios para servir com a mensagem de sa\u00fade b\u00edblica, unindo cura e miss\u00e3o. Capacitamos obreiros a ensinar sa\u00fade natural, promover h\u00e1bitos crist\u00e3os e aplicar terapias simples, fortalecendo a f\u00e9, reafirmando a identidade Adventista e renovando o chamado mission\u00e1rio. Juntos, restauramos vidas f\u00edsica, mental e espiritualmente!<\/h5>\t\t\t\t<\/div>\n\t\t\t\t<\/div>\n\t\t\t\t<div class=\"elementor-element elementor-element-381084c elementor-align-left e-transform elementor-widget elementor-widget-button\" data-id=\"381084c\" data-element_type=\"widget\" data-settings=\"{&quot;_transform_scale_effect_hover&quot;:{&quot;unit&quot;:&quot;px&quot;,&quot;size&quot;:1.05,&quot;sizes&quot;:[]},&quot;_transform_scale_effect_hover_tablet&quot;:{&quot;unit&quot;:&quot;px&quot;,&quot;size&quot;:&quot;&quot;,&quot;sizes&quot;:[]},&quot;_transform_scale_effect_hover_mobile&quot;:{&quot;unit&quot;:&quot;px&quot;,&quot;size&quot;:&quot;&quot;,&quot;sizes&quot;:[]}}\" data-widget_type=\"button.default\">\n\t\t\t\t<div class=\"elementor-widget-container\">\n\t\t\t\t\t\t\t\t\t<div class=\"elementor-button-wrapper\">\n\t\t\t\t\t<a class=\"elementor-button elementor-button-link elementor-size-sm\" href=\"https:\/\/forms.gle\/6r6sW6Vf1JvaA6eD9\">\n\t\t\t\t\t\t<span class=\"elementor-button-content-wrapper\">\n\t\t\t\t\t\t\t\t\t<span class=\"elementor-button-text\">Inscreva-se agora!<\/span>\n\t\t\t\t\t<\/span>\n\t\t\t\t\t<\/a>\n\t\t\t\t<\/div>\n\t\t\t\t\t\t\t\t<\/div>\n\t\t\t\t<\/div>\n\t\t\t\t<\/div>\n\t\t\t\t<\/div>\n\t\t\t\t<\/div>\n\t\t\t\t\t<\/div>\n\t\t\t\t<\/div>\n\t\t<div class=\"elementor-element elementor-element-ea4ec4d e-flex e-con-boxed e-con e-parent\" data-id=\"ea4ec4d\" data-element_type=\"container\">\n\t\t\t\t\t<div class=\"e-con-inner\">\n\t\t<div class=\"elementor-element elementor-element-1166d84 e-con-full e-flex e-con e-child\" data-id=\"1166d84\" data-element_type=\"container\">\n\t\t\t\t<div class=\"elementor-element elementor-element-935d3a6 elementor-text-editor elementor-widget elementor-widget-text-editor\" data-id=\"935d3a6\" data-element_type=\"widget\" data-widget_type=\"text-editor.default\">\n\t\t\t\t<div class=\"elementor-widget-container\">\n\t\t\t\t\t\t\t\t\t<p>Perguntas Frequentes<\/p>\t\t\t\t\t\t\t\t<\/div>\n\t\t\t\t<\/div>\n\t\t<div class=\"elementor-element elementor-element-bd8155c e-con-full e-flex e-con e-child\" data-id=\"bd8155c\" data-element_type=\"container\" data-settings=\"{&quot;background_background&quot;:&quot;classic&quot;}\">\n\t\t\t\t<div class=\"elementor-element elementor-element-d801a05 elementor-widget elementor-widget-n-accordion\" data-id=\"d801a05\" data-element_type=\"widget\" data-settings=\"{&quot;default_state&quot;:&quot;all_collapsed&quot;,&quot;n_accordion_animation_duration&quot;:{&quot;unit&quot;:&quot;ms&quot;,&quot;size&quot;:300,&quot;sizes&quot;:[]},&quot;max_items_expended&quot;:&quot;one&quot;}\" data-widget_type=\"nested-accordion.default\">\n\t\t\t\t<div class=\"elementor-widget-container\">\n\t\t\t\t\t\t\t<div class=\"e-n-accordion\" aria-label=\"Accordion. Open links with Enter or Space, close with Escape, and navigate with Arrow Keys\">\n\t\t\t\t\t\t<details id=\"e-n-accordion-item-2260\" class=\"e-n-accordion-item\" >\n\t\t\t\t<summary class=\"e-n-accordion-item-title\" data-accordion-index=\"1\" tabindex=\"0\" aria-expanded=\"false\" aria-controls=\"e-n-accordion-item-2260\" >\n\t\t\t\t\t<span class='e-n-accordion-item-title-header'><div class=\"e-n-accordion-item-title-text\"> Onde e quando acontecer\u00e1 o curso? <\/div><\/span>\n\t\t\t\t\t\t\t\t\t<\/summary>\n\t\t\t\t<div role=\"region\" aria-labelledby=\"e-n-accordion-item-2260\" class=\"elementor-element elementor-element-db440e3 e-con-full e-flex e-con e-child\" data-id=\"db440e3\" data-element_type=\"container\" data-settings=\"{&quot;background_background&quot;:&quot;classic&quot;}\">\n\t\t\t\t<div class=\"elementor-element elementor-element-fd40403 elementor-widget__width-initial elementor-widget elementor-widget-text-editor\" data-id=\"fd40403\" data-element_type=\"widget\" data-widget_type=\"text-editor.default\">\n\t\t\t\t<div class=\"elementor-widget-container\">\n\t\t\t\t\t\t\t\t\t<p>O curso Academia de M\u00eddia acontecer\u00e1 na <span style=\"font-weight: 800;\">Escola Madison<\/span>, uma institui\u00e7\u00e3o de car\u00e1ter mission\u00e1rio em meio a natureza \u00e0 40 km de Campo Grande &#8211; MS, entre os dias <span style=\"font-weight: 800;\">4 de janeiro \u00e0 4 de fevereiro de 2026.<\/span><\/p>\t\t\t\t\t\t\t\t<\/div>\n\t\t\t\t<\/div>\n\t\t\t\t<\/div>\n\t\t\t\t\t<\/details>\n\t\t\t\t\t\t<details id=\"e-n-accordion-item-2261\" class=\"e-n-accordion-item\" >\n\t\t\t\t<summary class=\"e-n-accordion-item-title\" data-accordion-index=\"2\" tabindex=\"-1\" aria-expanded=\"false\" aria-controls=\"e-n-accordion-item-2261\" >\n\t\t\t\t\t<span class='e-n-accordion-item-title-header'><div class=\"e-n-accordion-item-title-text\"> Qual o valor do curso? <\/div><\/span>\n\t\t\t\t\t\t\t\t\t<\/summary>\n\t\t\t\t<div role=\"region\" aria-labelledby=\"e-n-accordion-item-2261\" class=\"elementor-element elementor-element-2975676 e-con-full e-flex e-con e-child\" data-id=\"2975676\" data-element_type=\"container\" data-settings=\"{&quot;background_background&quot;:&quot;classic&quot;}\">\n\t\t\t\t<div class=\"elementor-element elementor-element-2135391 elementor-widget__width-initial elementor-widget elementor-widget-text-editor\" data-id=\"2135391\" data-element_type=\"widget\" data-widget_type=\"text-editor.default\">\n\t\t\t\t<div class=\"elementor-widget-container\">\n\t\t\t\t\t\t\t\t\t<p>Valor do investimento: \u00a0<span style=\"font-weight: 800;\">R$ 1.900,00<\/span>. O valor cobre curso + alimenta\u00e7\u00e3o + estadia + apostila.<\/p>\t\t\t\t\t\t\t\t<\/div>\n\t\t\t\t<\/div>\n\t\t\t\t<\/div>\n\t\t\t\t\t<\/details>\n\t\t\t\t\t\t<details id=\"e-n-accordion-item-2262\" class=\"e-n-accordion-item\" >\n\t\t\t\t<summary class=\"e-n-accordion-item-title\" data-accordion-index=\"3\" tabindex=\"-1\" aria-expanded=\"false\" aria-controls=\"e-n-accordion-item-2262\" >\n\t\t\t\t\t<span class='e-n-accordion-item-title-header'><div class=\"e-n-accordion-item-title-text\"> O que devo fazer para participar? <\/div><\/span>\n\t\t\t\t\t\t\t\t\t<\/summary>\n\t\t\t\t<div role=\"region\" aria-labelledby=\"e-n-accordion-item-2262\" class=\"elementor-element elementor-element-ea4ddb4 e-con-full e-flex e-con e-child\" data-id=\"ea4ddb4\" data-element_type=\"container\" data-settings=\"{&quot;background_background&quot;:&quot;classic&quot;}\">\n\t\t\t\t<div class=\"elementor-element elementor-element-56455db elementor-widget__width-initial elementor-widget elementor-widget-text-editor\" data-id=\"56455db\" data-element_type=\"widget\" data-widget_type=\"text-editor.default\">\n\t\t\t\t<div class=\"elementor-widget-container\">\n\t\t\t\t\t\t\t\t\t<p>No come\u00e7o e no <span style=\"font-weight: 800; opacity: 90%;\">fim dessa p\u00e1gina<\/span> voc\u00ea encontrar\u00e1 um bot\u00e3o que levar\u00e1 para nosso <span style=\"font-weight: 800; opacity: 70%;\"><mark class=\"destaque\"><a href=\"https:\/\/forms.gle\/6r6sW6Vf1JvaA6eD9\">formul\u00e1rio de inscri\u00e7\u00e3o<\/a><\/mark><\/span>. Ap\u00f3s fazer a inscri\u00e7\u00e3o, aguarde ser chamado para uma entrevista (caso seja selecionado). As <span style=\"font-weight: 800; opacity: 100%;\">vagas s\u00e3o limitadas.<\/span><\/p><p><style>\n  .destaque {<br \/>    background-color: #F2C75F;<br \/>  }<br \/>.destaque a !important{<br \/>    color: black; \/* Adiciona ou remove o sublinhado *\/<br \/>  }<br \/>.destaque a:link,<br \/>  .destaque a:visited,<br \/>  .destaque a:hover,<br \/>  .destaque a:active {<br \/>    color: black; \/* Cor para todos os estados do link *\/<br \/>  }<br \/><\/style><\/p>\t\t\t\t\t\t\t\t<\/div>\n\t\t\t\t<\/div>\n\t\t\t\t<\/div>\n\t\t\t\t\t<\/details>\n\t\t\t\t\t<\/div>\n\t\t\t\t\t\t<\/div>\n\t\t\t\t<\/div>\n\t\t\t\t<\/div>\n\t\t<div class=\"elementor-element elementor-element-32d10b1 e-con-full e-flex e-con e-child\" data-id=\"32d10b1\" data-element_type=\"container\" data-settings=\"{&quot;background_background&quot;:&quot;classic&quot;}\">\n\t\t<div class=\"elementor-element elementor-element-c1fcac4 e-con-full e-flex e-con e-child\" data-id=\"c1fcac4\" data-element_type=\"container\">\n\t\t\t\t<div class=\"elementor-element elementor-element-5105dc6 elementor-text-editor elementor-widget elementor-widget-text-editor\" data-id=\"5105dc6\" data-element_type=\"widget\" data-widget_type=\"text-editor.default\">\n\t\t\t\t<div class=\"elementor-widget-container\">\n\t\t\t\t\t\t\t\t\t<p>Outras d\u00favidas entre em contato!<\/p>\t\t\t\t\t\t\t\t<\/div>\n\t\t\t\t<\/div>\n\t\t\t\t<\/div>\n\t\t<div class=\"elementor-element elementor-element-701dff1 e-con-full e-flex e-con e-child\" data-id=\"701dff1\" data-element_type=\"container\">\n\t\t\t\t<div class=\"elementor-element elementor-element-60c3667 elementor-align-left e-transform elementor-mobile-align-center elementor-widget elementor-widget-button\" data-id=\"60c3667\" data-element_type=\"widget\" data-settings=\"{&quot;_transform_scale_effect_hover&quot;:{&quot;unit&quot;:&quot;px&quot;,&quot;size&quot;:1.05,&quot;sizes&quot;:[]},&quot;_transform_scale_effect_hover_tablet&quot;:{&quot;unit&quot;:&quot;px&quot;,&quot;size&quot;:&quot;&quot;,&quot;sizes&quot;:[]},&quot;_transform_scale_effect_hover_mobile&quot;:{&quot;unit&quot;:&quot;px&quot;,&quot;size&quot;:&quot;&quot;,&quot;sizes&quot;:[]}}\" data-widget_type=\"button.default\">\n\t\t\t\t<div class=\"elementor-widget-container\">\n\t\t\t\t\t\t\t\t\t<div class=\"elementor-button-wrapper\">\n\t\t\t\t\t<a class=\"elementor-button elementor-button-link elementor-size-sm\" href=\"mailto:contato@escolamadison.org?subject=Assunto%20do%20E-mail&#038;body=Escreva%20sua%20mensagem%20aqui\">\n\t\t\t\t\t\t<span class=\"elementor-button-content-wrapper\">\n\t\t\t\t\t\t\t\t\t<span class=\"elementor-button-text\">contato@escolamadison.org<\/span>\n\t\t\t\t\t<\/span>\n\t\t\t\t\t<\/a>\n\t\t\t\t<\/div>\n\t\t\t\t\t\t\t\t<\/div>\n\t\t\t\t<\/div>\n\t\t\t\t<div class=\"elementor-element elementor-element-6389412 elementor-align-left e-transform elementor-widget elementor-widget-button\" data-id=\"6389412\" data-element_type=\"widget\" data-settings=\"{&quot;_transform_scale_effect_hover&quot;:{&quot;unit&quot;:&quot;px&quot;,&quot;size&quot;:1.05,&quot;sizes&quot;:[]},&quot;_transform_scale_effect_hover_tablet&quot;:{&quot;unit&quot;:&quot;px&quot;,&quot;size&quot;:&quot;&quot;,&quot;sizes&quot;:[]},&quot;_transform_scale_effect_hover_mobile&quot;:{&quot;unit&quot;:&quot;px&quot;,&quot;size&quot;:&quot;&quot;,&quot;sizes&quot;:[]}}\" data-widget_type=\"button.default\">\n\t\t\t\t<div class=\"elementor-widget-container\">\n\t\t\t\t\t\t\t\t\t<div class=\"elementor-button-wrapper\">\n\t\t\t\t\t<a class=\"elementor-button elementor-button-link elementor-size-sm\" href=\"https:\/\/wa.me\/+5567999590126\">\n\t\t\t\t\t\t<span class=\"elementor-button-content-wrapper\">\n\t\t\t\t\t\t\t\t\t<span class=\"elementor-button-text\">+55 67 99959-0126<\/span>\n\t\t\t\t\t<\/span>\n\t\t\t\t\t<\/a>\n\t\t\t\t<\/div>\n\t\t\t\t\t\t\t\t<\/div>\n\t\t\t\t<\/div>\n\t\t\t\t<\/div>\n\t\t\t\t<\/div>\n\t\t\t\t<\/div>\n\t\t<div class=\"elementor-element elementor-element-d882634 e-flex e-con-boxed e-con e-child\" data-id=\"d882634\" data-element_type=\"container\" data-settings=\"{&quot;background_background&quot;:&quot;classic&quot;}\">\n\t\t\t\t\t<div class=\"e-con-inner\">\n\t\t\t\t<div class=\"elementor-element elementor-element-e571e6c custom-video-border e-transform elementor-widget elementor-widget-video\" data-id=\"e571e6c\" data-element_type=\"widget\" data-settings=\"{&quot;youtube_url&quot;:&quot;https:\\\/\\\/youtu.be\\\/pVmOezMauRY&quot;,&quot;video_type&quot;:&quot;youtube&quot;,&quot;controls&quot;:&quot;yes&quot;,&quot;_transform_scale_effect&quot;:{&quot;unit&quot;:&quot;px&quot;,&quot;size&quot;:&quot;&quot;,&quot;sizes&quot;:[]},&quot;_transform_scale_effect_tablet&quot;:{&quot;unit&quot;:&quot;px&quot;,&quot;size&quot;:&quot;&quot;,&quot;sizes&quot;:[]},&quot;_transform_scale_effect_mobile&quot;:{&quot;unit&quot;:&quot;px&quot;,&quot;size&quot;:&quot;&quot;,&quot;sizes&quot;:[]}}\" data-widget_type=\"video.default\">\n\t\t\t\t<div class=\"elementor-widget-container\">\n\t\t\t\t\t\t\t<div class=\"elementor-wrapper elementor-open-inline\">\n\t\t\t<div class=\"elementor-video\"><\/div>\t\t<\/div>\n\t\t\t\t\t\t<\/div>\n\t\t\t\t<\/div>\n\t\t<div class=\"elementor-element elementor-element-43ea461 e-con-full e-flex e-con e-child\" data-id=\"43ea461\" data-element_type=\"container\" data-settings=\"{&quot;background_background&quot;:&quot;classic&quot;}\">\n\t\t\t\t<div class=\"elementor-element elementor-element-55bbce4 elementor-widget__width-initial elementor-widget elementor-widget-text-editor\" data-id=\"55bbce4\" data-element_type=\"widget\" data-widget_type=\"text-editor.default\">\n\t\t\t\t<div class=\"elementor-widget-container\">\n\t\t\t\t\t\t\t\t\t<p class=\"p1\">Seja para atuar na \u00e1rea de sa\u00fade natural, evangelismo pr\u00e1tico, minist\u00e9rio m\u00e9dico-mission\u00e1rio ou influ\u00eancia espiritual, o Curso de Sa\u00fade e Evangelismo oferece as ferramentas e o preparo necess\u00e1rio para transformar sua f\u00e9 em servi\u00e7o \u2014 e seu servi\u00e7o em miss\u00e3o.<\/p>\t\t\t\t\t\t\t\t<\/div>\n\t\t\t\t<\/div>\n\t\t\t\t<div class=\"elementor-element elementor-element-0584a46 elementor-align-center e-transform elementor-widget elementor-widget-button\" data-id=\"0584a46\" data-element_type=\"widget\" data-settings=\"{&quot;_transform_scale_effect_hover&quot;:{&quot;unit&quot;:&quot;px&quot;,&quot;size&quot;:1.05,&quot;sizes&quot;:[]},&quot;_transform_scale_effect_hover_tablet&quot;:{&quot;unit&quot;:&quot;px&quot;,&quot;size&quot;:&quot;&quot;,&quot;sizes&quot;:[]},&quot;_transform_scale_effect_hover_mobile&quot;:{&quot;unit&quot;:&quot;px&quot;,&quot;size&quot;:&quot;&quot;,&quot;sizes&quot;:[]}}\" data-widget_type=\"button.default\">\n\t\t\t\t<div class=\"elementor-widget-container\">\n\t\t\t\t\t\t\t\t\t<div class=\"elementor-button-wrapper\">\n\t\t\t\t\t<a class=\"elementor-button elementor-button-link elementor-size-sm\" href=\"https:\/\/forms.gle\/6r6sW6Vf1JvaA6eD9\">\n\t\t\t\t\t\t<span class=\"elementor-button-content-wrapper\">\n\t\t\t\t\t\t\t\t\t<span class=\"elementor-button-text\"><span style= \"font-weight: 800\">Inscrever-se agora!<\/span><\/span>\n\t\t\t\t\t<\/span>\n\t\t\t\t\t<\/a>\n\t\t\t\t<\/div>\n\t\t\t\t\t\t\t\t<\/div>\n\t\t\t\t<\/div>\n\t\t\t\t<\/div>\n\t\t\t\t\t<\/div>\n\t\t\t\t<\/div>\n\t\t\t\t\t<\/div>\n\t\t\t\t<\/div>\n\t\t\t\t<\/div>\n\t\t","protected":false},"excerpt":{"rendered":"<p>Sa\u00fade &amp; Evangelismo O que \u00e9 o Curso Sa\u00fade &amp; Evangelismo? O Curso de Sa\u00fade e Evangelismo da Escola Madison \u00e9 um treinamento intensivo de um m\u00eas que prepara mission\u00e1rios para servir com a mensagem de sa\u00fade b\u00edblica, unindo cura e miss\u00e3o. Capacitamos obreiros a ensinar sa\u00fade natural, promover h\u00e1bitos crist\u00e3os e aplicar terapias simples, [&hellip;]<\/p>\n","protected":false},"author":1,"featured_media":0,"parent":0,"menu_order":0,"comment_status":"closed","ping_status":"closed","template":"elementor_header_footer","meta":{"footnotes":""},"class_list":["post-229","page","type-page","status-publish","hentry"],"jetpack_sharing_enabled":true,"_links":{"self":[{"href":"https:\/\/escolamadison.org\/index.php?rest_route=\/wp\/v2\/pages\/229","targetHints":{"allow":["GET"]}}],"collection":[{"href":"https:\/\/escolamadison.org\/index.php?rest_route=\/wp\/v2\/pages"}],"about":[{"href":"https:\/\/escolamadison.org\/index.php?rest_route=\/wp\/v2\/types\/page"}],"author":[{"embeddable":true,"href":"https:\/\/escolamadison.org\/index.php?rest_route=\/wp\/v2\/users\/1"}],"replies":[{"embeddable":true,"href":"https:\/\/escolamadison.org\/index.php?rest_route=%2Fwp%2Fv2%2Fcomments&post=229"}],"version-history":[{"count":23,"href":"https:\/\/escolamadison.org\/index.php?rest_route=\/wp\/v2\/pages\/229\/revisions"}],"predecessor-version":[{"id":4255,"href":"https:\/\/escolamadison.org\/index.php?rest_route=\/wp\/v2\/pages\/229\/revisions\/4255"}],"wp:attachment":[{"href":"https:\/\/escolamadison.org\/index.php?rest_route=%2Fwp%2Fv2%2Fmedia&parent=229"}],"curies":[{"name":"wp","href":"https:\/\/api.w.org\/{rel}","templated":true}]}}